{"id":1013,"date":"2025-05-16T13:38:25","date_gmt":"2025-05-16T13:38:25","guid":{"rendered":"https:\/\/vetrina-digitale.it\/?page_id=1013"},"modified":"2025-05-16T13:48:18","modified_gmt":"2025-05-16T13:48:18","slug":"termini","status":"publish","type":"page","link":"https:\/\/vetrina-digitale.it\/index.php\/termini\/","title":{"rendered":"Termini e Condizioni"},"content":{"rendered":"<p><strong>Termini e Condizioni<\/strong><\/p>\r\n<p>Il portale www.vetrina-digitale.it, (di seguito il \u201cTitolare\u201d) rende disponibile a tutti gli Utenti la possibilit\u00e0 di accedere e utilizzare il sito web www.vetrina-digitale.it (di seguito\u201cApplicazione\u201d) di sua esclusiva titolarit\u00e0, che offre servizi di consultazione di necrologi e vendita di prodotti e servizi annessi (di seguito \u201cServizi\u201d o singolarmente \u201cServizio\u201d)). Si prega di leggere attentamente i presenti termini e condizioni (di seguito le \u201cCondizioni\u201d) prima di utilizzare l\u2019Applicazione. Utilizzando l\u2019Applicazione, l\u2019Utente accetta le Condizioni e si impegna a rispettarle. In caso contrario, l\u2019Utente non pu\u00f2 utilizzare l\u2019Applicazione. Il Titolare potr\u00e0 modificare o semplicemente aggiornare, in tutto o in parte, le Condizioni. Le modifiche e gli aggiornamenti saranno vincolanti non appena pubblicati sull\u2019Applicazione. L\u2019Utente \u00e8 pertanto invitato a visionare le Condizioni ad ogni accesso all\u2019Applicazione e si consiglia di stamparne una copia per future consultazioni.<\/p>\r\n<p><strong>1.<\/strong><strong>Registrazione<\/strong><\/p>\r\n<p>Per poter utilizzare alcune funzionalit\u00e0 dell\u2019Applicazione, gli Utenti devono registrarsi fornendo, in maniera veritiera e completa, tutti i dati richiesti nel relativo form di registrazione ed accettare integralmente la privacy policy e le presenti Condizioni. L\u2019Utente ha l\u2019onere di custodire le proprie credenziali di accesso. Resta inteso che in nessun caso il Titolare potr\u00e0 essere ritenuto responsabile in caso di smarrimento, diffusione, furto o utilizzo non consentito da parte di terzi, a qualsivoglia titolo, delle credenziali di accesso degli Utenti.<\/p>\r\n<p><strong>2. Cancellazione account e chiusura<\/strong><\/p>\r\n<p>Gli Utenti registrati possono interrompere l\u2019utilizzo dei servizi in ogni momento, disattivare i propri account o richiederne la cancellazione attraverso l\u2019interfaccia dell\u2019Applicazione, se possibile, o contattando direttamente il Titolare all\u2019indirizzo e-mail info@vetrina-digitale.it Il Titolare, in caso di violazione da parte dell\u2019Utente delle presenti Condizioni o delle disposizioni di legge applicabili, si riserva il diritto di sospendere o chiudere l\u2019account dell\u2019Utente in ogni momento e senza preavviso.<\/p>\r\n<p><strong>3. Acquisti sull\u2019Applicazione<\/strong><\/p>\r\n<p>L\u2019acquisto di uno o pi\u00f9 Prodotti tramite l\u2019Applicazione \u00e8 consentito sia a Utenti che rivestano la qualit\u00e0 di consumatori, sia a utenti che non rivestano tale qualit\u00e0. Ai sensi dell\u2019art. 3, I comma, lett. a) del D. lgs. 206\/2005 (\u201cCodice del Consumo\u201d) si ricorda che rivestono la qualit\u00e0 di consumatori le persone fisiche che, in relazione all\u2019acquisto dei Prodotti, agiscono per scopi estranei all\u2019attivit\u00e0 imprenditoriale, commerciale, professionale o artigianale eventualmente svolta. Alle persone fisiche l\u2019acquisto \u00e8 consentito solo a condizione che esse abbiano compiuto gli anni diciotto. Il Titolare si impegna a descrivere e a presentare i Prodotti venduti sull\u2019Applicazione nel miglior modo possibile. Ciononostante potrebbero evidenziarsi alcuni errori, imprecisioni o piccole differenze tra l\u2019Applicazione e il Prodotto reale. Inoltre, le eventuali fotografie dei Prodotti presenti sull\u2019Applicazione non costituiscono elemento contrattuale, in quanto solo rappresentative. I Prodotti, i prezzi e le condizioni di vendita dei Prodotti, nei limiti della loro disponibilit\u00e0, non costituiscono offerta al pubblico; pertanto, essi devono sempre ritenersi indicativi e soggetti a conferma espressa via e-mail o tramite la visualizzazione della pagina di conferma d\u2019ordine da parte del Titolare, previa verifica della disponibilit\u00e0 del Prodotto prescelto. L\u2019Utente attribuisce espressamente al Titolare la facolt\u00e0 di accettare anche solo parzialmente l\u2019ordine effettuato (per esempio nel caso in cui non vi sia la disponibilit\u00e0 di tutti i Prodotti ordinati). In tal caso il contratto si intender\u00e0 perfezionato relativamente ai Prodotti effettivamente venduti. Il Titolare si riserva la facolt\u00e0 di modificare, in qualsiasi momento, il prezzo dei Prodotti. Resta inteso che le eventuali modifiche non pregiudicheranno in alcun caso i contratti gi\u00e0 conclusi prima della modifica. I prezzi di vendita dei Prodotti non sono comprensivi di IVA; ogni altra eventuale imposta a carico dell\u2019Utente sar\u00e0 indicato prima della conferma dell\u2019acquisto. Il pagamento dei Prodotti pu\u00f2 essere eseguito mediante le modalit\u00e0 indicate sull\u2019Applicazione all\u2019atto dell\u2019acquisto. L\u2019Applicazione utilizza strumenti terzi per l\u2019elaborazione dei pagamenti e non entra in alcun modo in contatto con i dati di pagamento forniti (numero delle carte di credito, nome dei titolari, password, etc.). Qualora tali strumenti terzi dovessero negare l\u2019autorizzazione al pagamento, il Titolare non potr\u00e0 fornire i Prodotti e non sar\u00e0 responsabile per un eventuale ritardo o per una mancata consegna.<\/p>\r\n<p><strong>4. Conclusione del contratto<\/strong><\/p>\r\n<p>Il Contratto stipulato tramite l\u2019Applicazione si intende concluso nel momento in cui l\u2019Utente riceve, via e-mail e\/o tramite la visualizzazione di una pagina dell\u2019Applicazione, la formale conferma dell\u2019ordine attraverso la quale il Titolare accetta l\u2019ordine inviato dall\u2019Utente e lo informa di poter procedere all\u2019evasione dello stesso. Il Contratto si conclude nel luogo in cui \u00e8 situata la sede legale del Titolare. Il Titolare si riserva la facolt\u00e0 di rifiutare un ordine: 1. quando il Prodotto non \u00e8 disponibile; 2. quando il Titolare non riceva l\u2019autorizzazione all\u2019addebito del costo del Prodotto all\u2019Utente; 3. quando al momento dell\u2019acquisto sia indicato un prezzo evidentemente errato e riconoscibile come tale. In tal caso, l\u2019Utente sar\u00e0 contattato dal Servizio Clienti per essere informato e ricever\u00e0 il rimborso relativo alla transazione effettuata. Fino a quando l\u2019Utente non abbia ricevuto la conferma di cui al punto precedente, ha facolt\u00e0 di procedere alla cancellazione dell\u2019ordine tramite invio di e-mail all\u2019indirizzo del Titolare, come meglio specificato nella clausola relativa al \u201cDiritto di Recesso\u201d.<\/p>\r\n<p><strong>5. Fatturazione<\/strong><\/p>\r\n<p>La fattura commerciale, se richiesta dall\u2019Utente, sar\u00e0 inviata dal Titolare. All\u2019Utente che desideri ricevere la fattura saranno richiesti i dati per la fatturazione. Per l\u2019emissione della fattura faranno fede le informazioni fornite dall\u2019Utente che egli dichiara e garantisce essere rispondenti al vero,rilasciando al Titolare ogni pi\u00f9 amplia manleva al riguardo.<\/p>\r\n<p><strong>6. Diritto di recesso di Prodotti digitali e\/o servizi<\/strong><\/p>\r\n<p>L\u2019Utente che per qualsiasi ragione non si ritenesse soddisfatto dell\u2019acquisto effettuato di Prodotti digitali (non forniti su un supporto materiale) o servizi pu\u00f2 recedere dal contratto entro il termine di 14 giorni decorrenti dal giorno di conclusione del contratto, inviando una comunicazione scritta all\u2019indirizzo email info@vetrina-digitale.it, includendo gli estremi identificativi necessari ad individuare l\u2019acquisto. L\u2019Utente prende atto ed accetta di perdere il diritto di recesso nel momento in cui effettua il download e\/o dopo l\u2019inizio dell\u2019esecuzione del contratto, se l\u2019esecuzione \u00e8 iniziata con l\u2019accordo espresso dell\u2019Utente e con l\u2019accettazione della perdita de ldiritto di recesso. Qualora l\u2019Utente decida di recedere dal contratto entro il termine di cui sopra, il Titolare rimborser\u00e0 tutti i pagamenti ricevuti dall\u2019Utente senza indebito ritardo e, comunque entro e non oltre 14 giorni dal giorno in cui l\u2019Utente ha comunicato al Titolare di voler recedere dal contratto. Il Titolare rimborser\u00e0 il prezzo del Prodotto nelle stesse modalit\u00e0 di pagamento utilizzate dall\u2019Utente.<\/p>\r\n<p><strong>7. Modulo facoltativo per esercitare il diritto di recesso<\/strong><\/p>\r\n<p>Facoltativamente, l\u2019Utente pu\u00f2 recedere utilizzando il seguente modulo, che dovr\u00e0 essere inviato compilato in ogni sua parte all\u2019indirizzo e-mail info@vetrina-digitale.it, prima della scadenza del periodo di recesso: Con il presente modulo comunico il recesso dal contratto di vendita relativo ai seguenti beni\/servizi: Ordine numero: Ordinato il: Nome e Cognome: Indirizzo: E-mail associata all\u2019account da cui e stato effettuato l\u2019ordine: Data:<\/p>\r\n<p><strong>8. Licenza Creative Commons<\/strong><\/p>\r\n<p>I contenuti e\/o i materiali disponibili sull\u2019Applicazione sono messi a disposizione sulla base dei termini della presente licenza \u201cCreative Commons Public Licence CC BY-NC 3.0 IT\u201d (\u201cLicenza\u201d). I contenuti e\/o i materiali disponibili sull\u2019Applicazione sono protetti dal diritto d\u2019autore, dagli altri diritti attribuiti dalla legge sul diritto d\u2019autore (diritti connessi, diritti sulle banche dati, ecc.) e\/o dalle altre leggi applicabili. Ogni utilizzazione dei contenuti e\/o dei materiali disponibili sull\u2019Applicazione che non sia autorizzata ai sensi della presente Licenza e\/o delle altre leggi applicabili \u00e8 proibita. Il Titolare concede all\u2019Utente i diritti di seguito elencati a condizione che lo stesso accetti di rispettare i termini e le condizioni di cui alla presente Licenza. Il Titolare consente all\u2019Utente di riprodurre, distribuire, comunicare al pubblico, rappresentare, eseguire, recitare, trasformare i contenuti e\/o i materiali disponibili sull\u2019Applicazione con qualsiasi mezzo e formato, ma non a scopi commerciali, a condizione che gli venga riconosciuta la paternit\u00e0 e l\u2019Utente fornisca un link alla licenza e indichi se sono state effettuate delle modifiche.<\/p>\r\n<p><strong>9. Esclusione della Garanzia<\/strong><\/p>\r\n<p>L\u2019Applicazione viene fornita &#8220;cos\u00ec come \u00e8&#8221; e \u201ccome \u00e8 disponibile\u201d e il Titolare non fornisce alcuna garanzia esplicita o implicita in relazione all\u2019Applicazione, n\u00e9 fornisce alcuna garanzia che l\u2019Applicazione potr\u00e0 soddisfare le esigenze degli Utenti o che non avr\u00e0 mai interruzioni o sar\u00e0 privo di errori o che sar\u00e0 privo di virus o bug. Il Titolare si adoperer\u00e0 per assicurare che l\u2019Applicazione sia disponibile ininterrottamente 24 ore al giorno, ma non potr\u00e0 in alcun modo essere ritenuto responsabile se, per qualsiasi motivo, l\u2019Applicazione non fosse accessibile e\/o operativa in qualsiasi momento o per qualsiasi periodo. L\u2019accesso all\u2019Applicazione pu\u00f2 essere sospeso temporaneamente e senza preavviso in caso di guasto del sistema, manutenzione, riparazioni o per ragioni del tutto estranee alla volont\u00e0 del Titolare o per eventi di forza maggiore.<\/p>\r\n<p><strong>10. Limitazione della Responsabilit\u00e0<\/strong><\/p>\r\n<p>L\u2019Utente si impegna a mantenere indenne e a manlevare il Titolare (nonch\u00e9 le eventuali societ\u00e0 dallo stesso controllate o affiliate, i suoi rappresentanti, collaboratori, consulenti, amministratori, agenti, licenziatari, partner e dipendenti), da qualsiasi obbligo o responsabilit\u00e0, incluse le eventuali spese legali sostenute per difendersi in giudizio, che dovessero sorgere a fronte di danni provocati ad altri Utenti o a terzi, in relazione ai Contenuti caricati, alla violazione dei termini di legge o dei termini delle presenti Condizioni. Pertanto, il Titolare non sar\u00e0 responsabile per: 1. eventuali perdite che non siano conseguenza diretta della violazione del Contratto da parte del Titolare; 2. ogni perdita di opportunit\u00e0 commerciale e qualsiasi altra perdita, anche indiretta, eventualmente subita dall\u2019Utente (quali, a titolo esemplificativo e non esaustivo, perdite commerciali, perdita di ricavi, introiti, profitti o risparmi presunti, perdita di contratti o di relazioni commerciali, perdita della reputazione o del valore di avviamento, etc.); 3. danni o perdite derivanti da interruzioni o malfunzionamenti dell\u2019Applicazione dovuti ad eventi di forza maggiore o, comunque, ad eventi imprevisti ed imprevedibili e, comunque, indipendenti dalla volont\u00e0 ed estranei alla sfera di controllo del Titolare quali, a titolo esemplificativo e non esaustivo, guasti o interruzioni alle linee telefoniche o elettriche, alla rete internet e\/o comunque ad altri strumenti di trasmissione, indisponibilit\u00e0 di siti web, scioperi, eventi naturali, virus ed attacchi informatici, interruzioni nell\u2019erogazione di prodotti, servizi o applicazioni di terze parti; 4. errato o inidoneo utilizzo dell\u2019Applicazione da parte degli Utenti o di terzi; 5. l\u2019emissione di documenti fiscali errati a causa di errori relativi ai dati forniti dall\u2019utente, essendo quest\u2019ultimo l\u2019unico responsabile del corretto inserimento. In nessun caso il limite di responsabilit\u00e0 del Titolare potr\u00e0 essere superiore al doppio del costo pagato dall\u2019utente per il servizio utilizzato.<\/p>\r\n<p><strong>11. Collegamento a siti di terzi<\/strong><\/p>\r\n<p>L\u2019Applicazione potrebbe contenere collegamenti a siti di terzi. Il Titolare non esercita alcun controllo su di essi e, pertanto, non \u00e8 in alcun modo responsabile per i contenuti di questi siti. Alcuni di questi collegamenti potrebbero rinviare a siti di terzi che forniscono servizi attraverso l\u2019Applicazione. In questi casi, ai singoli servizi si applicheranno le condizioni generali per l\u2019uso del sito e per la fruizione del servizio predisposte dai terzi,rispetto alle quali ilTitolare non assume alcuna responsabilit\u00e0.<\/p>\r\n<p><strong>12. Forza maggiore<\/strong><\/p>\r\n<p>Il Titolare non potr\u00e0 essere considerato responsabile per il mancato o ritardato adempimento delle proprie obbligazioni qui previste, per circostanza al di fuori del controllo ragionevole e prevedibile del Titolare. L\u2019adempimento delle obbligazioni da parte del Titolare ai sensi delle presenti Condizioni si intender\u00e0 sospeso per il periodo in cui si verificano gli Eventi di Forza Maggiore. Il Titolare compir\u00e0 qualsiasi atto in suo potere al fine di individuare soluzioni che consentano il corretto adempimento alle proprie obbligazioni nonostante la persistenza di Eventi di Forza Maggiore.<\/p>\r\n<p><strong>13. Rinuncia<\/strong><\/p>\r\n<p>Nessuna rinuncia da parte di ciascuna parte ad un articolo delle presenti Condizioni sar\u00e0 efficace a meno che non sia espressamente dichiarato di essere una rinuncia e viene comunicata per iscritto.<\/p>\r\n<p><strong>14. Invalidit\u00e0 di singole clausole<\/strong><\/p>\r\n<p>Qualora una qualsiasi disposizione delle presenti Condizioni risultasse illegale o non valida, essa non verr\u00e0 considerata come parte delle Condizioni Generali e questo non influir\u00e0 sulle disposizioni rimanenti che continueranno ad essere valide nella misura massima consentita dalla legge.<\/p>\r\n<p><strong>15. Modifica<\/strong><\/p>\r\n<p>Il Titolare si riserva la facolt\u00e0 di modificare, in qualsiasi momento, le presenti Condizioni dandone specifico preavviso sull\u2019Applicazione. L\u2019Utente prende atto e accetta che eventuali modifiche alle presenti Condizioni si applicheranno agli ordini inviati dagli Utenti dopo la data di comunicazione di modifica delle Condizioni.<\/p>\r\n<p><strong>16. Esclusioni<\/strong><\/p>\r\n<p>Le presenti Condizioni, nessuna esclusa, comprese quelle che seguono, si applicano esclusivamente ai Prodotti venduti online e ai servizi usufruiti solo online. Per tutti gli altri rapporti con Toolbox srl si rimanda ai contratti stipulati direttamente con il Cliente&#8221;<\/p>\r\n<p><strong>17. Privacy<\/strong><\/p>\r\n<p>La tutela e il trattamento dei dati personali avverr\u00e0 in conformit\u00e0 all\u2019Informativa Privacy, che pu\u00f2 essere consultata alla relativa pagina.<\/p>\r\n<p><strong>18. Legge applicabile e foro competente<\/strong><\/p>\r\n<p>Le presenti Condizioni e tutte le controversie in merito ad esecuzione, interpretazione e validit\u00e0 del presente contratto sono soggette alla legge italiana e alla competenza esclusiva del tribunale del luogo in cui ha sede il Titolare. Qualora l\u2019Utente sia consumatore ai sensi dell\u2019art 3 del Codice del Consumo, la competenza territoriale inderogabile \u00e8 del giudice del luogo di residenza o di domicilio del consumatore stesso, se ubicati nel territorio dello Stato Italiano, salva la facolt\u00e0 per l\u2019utente-consumatore di adire un giudice diverso da quello del \u201cforo del consumatore\u201d ex art. 66 bis del Codice del Consumo, competente per territorio secondo uno dei criteri di cui agli artt. 18, 19 e 20 del codice processuale civile.<\/p>\r\n<p><strong>19. Risoluzione delle controversie online per i consumatori<\/strong><\/p>\r\n<p>Il consumatore residente in Europa deve essere a conoscenza del fatto che la Commissione Europea ha istituito una piattaforma online che fornisce uno strumento di risoluzione alternativa delle controversie. Tale strumento pu\u00f2 essere utilizzato dal consumatore europeo per risolvere in via non giudiziale ogni controversia relativa a e\/o derivante da contratti di vendita di beni e servizi stipulati in rete. Di conseguenza, il consumatore europeo, pu\u00f2 usare tale piattaforma per la risoluzione di ogni disputa nascente dal contratto online stipulato con il Titolare. La piattaforma \u00e8 disponibile al seguente indirizzo: http:\/\/ec.europa.eu\/consumers\/odr\/<\/p><p>&nbsp;<\/p>","protected":false},"excerpt":{"rendered":"<p>Termini e Condizioni Il portale www.vetrina-digitale.it, (di seguito il \u201cTitolare\u201d) rende disponibile a tutti gli Utenti la possibilit\u00e0 di accedere e utilizzare il sito web www.vetrina-digitale.it (di seguito\u201cApplicazione\u201d) di sua esclusiva titolarit\u00e0, che offre servizi di consultazione di necrologi e vendita di prodotti e servizi annessi (di seguito \u201cServizi\u201d o singolarmente \u201cServizio\u201d)). Si prega di [&hellip;]<\/p>\n","protected":false},"author":1,"featured_media":0,"parent":0,"menu_order":0,"comment_status":"closed","ping_status":"closed","template":"fullwidth-page.php","meta":{"footnotes":""},"class_list":["post-1013","page","type-page","status-publish","hentry"],"_links":{"self":[{"href":"https:\/\/vetrina-digitale.it\/index.php\/wp-json\/wp\/v2\/pages\/1013","targetHints":{"allow":["GET"]}}],"collection":[{"href":"https:\/\/vetrina-digitale.it\/index.php\/wp-json\/wp\/v2\/pages"}],"about":[{"href":"https:\/\/vetrina-digitale.it\/index.php\/wp-json\/wp\/v2\/types\/page"}],"author":[{"embeddable":true,"href":"https:\/\/vetrina-digitale.it\/index.php\/wp-json\/wp\/v2\/users\/1"}],"replies":[{"embeddable":true,"href":"https:\/\/vetrina-digitale.it\/index.php\/wp-json\/wp\/v2\/comments?post=1013"}],"version-history":[{"count":3,"href":"https:\/\/vetrina-digitale.it\/index.php\/wp-json\/wp\/v2\/pages\/1013\/revisions"}],"predecessor-version":[{"id":1016,"href":"https:\/\/vetrina-digitale.it\/index.php\/wp-json\/wp\/v2\/pages\/1013\/revisions\/1016"}],"wp:attachment":[{"href":"https:\/\/vetrina-digitale.it\/index.php\/wp-json\/wp\/v2\/media?parent=1013"}],"curies":[{"name":"wp","href":"https:\/\/api.w.org\/{rel}","templated":true}]}}