{"id":132,"date":"2016-06-17T10:41:16","date_gmt":"2016-06-17T10:41:16","guid":{"rendered":"http:\/\/ninetheme.com\/themes\/proland\/?post_type=product&#038;p=132"},"modified":"2025-06-04T10:48:24","modified_gmt":"2025-06-04T10:48:24","slug":"adattatore","status":"publish","type":"product","link":"https:\/\/vetrina-digitale.it\/index.php\/product\/adattatore\/","title":{"rendered":"Adattatore VGA A HDMI"},"content":{"rendered":"<p>Adattatore da VGA a HDMI (per collegare monitor o Tv che non dispongono di presa HDMI ma solo VGA)<\/p>\n<ul>\n<li>Design compatto: l\u2019adattatore da HDMI a VGA compatto e portatile\u00a0 consente di collegare un computer portatile o fisso o altri dispositivi dotati di porta HDMI a monitor, proiettori, HDTV o altri dispositivi con porta VGA. Metti questo gadget leggero in borsa o in tasca per fare una presentazione aziendale con il tuo portatile e il proiettore, oppure estendi lo schermo del computer ad un altro schermo o a un televisore. \u00c8 necessario un cavo VGA (venduto separatamente).<\/li>\n<li>Estrema stabilit\u00e0: il chip IC incorporato avanzato converte il segnale digitale HDMI in segnale analogico VGA. Non \u00e8 un convertitore bidirezionale e non pu\u00f2 trasmettere segnali da VGA a HDMI.<\/li>\n<li>Prestazioni straordinarie: il convertitore da HDMI maschio a VGA femmina supporta risoluzioni fino a 1920 x 1080 @ 60 Hz (1080p Full HD), incluse 720p, 1600 x 1200, 1280 x 1024, per monitor o proiettori ad alta definizione. Il connettore HDMI placcato oro resiste alla corrosione e all\u2019abrasione e migliora le prestazioni di trasmissione del segnale. Il pressacavo stampato aumenta la durata del cavo.<\/li>\n<li>Design con chiusura: il connettore HDMI e la porta con bloccaggio a vite VGA forniscono una connessione sicura. Premere il pulsante di rilascio prima di scollegare.<\/li>\n<li>Piacere visivo estremo: l\u2019adattatore da HDMI a VGA supporta una risoluzione 1080p e inferiore. Un\u2019immagine di altissima definizione da una trasmissione ad alta velocit\u00e0 per un grande piacere visivo.<\/li>\n<\/ul>\n","protected":false},"excerpt":{"rendered":"<p>Adattatore da VGA a HDMI (per collegare monitor o Tv che non dispongono di presa HDMI ma solo VGA)<\/p>\n","protected":false},"featured_media":1087,"comment_status":"open","ping_status":"closed","template":"","meta":[],"product_brand":[],"product_cat":[15],"product_tag":[33,32,22],"class_list":{"0":"post-132","1":"product","2":"type-product","3":"status-publish","4":"has-post-thumbnail","6":"product_cat-accessori","7":"product_tag-adattatore","8":"product_tag-adattatore-vga","9":"product_tag-smart","11":"first","12":"instock","13":"sale","14":"taxable","15":"shipping-taxable","16":"purchasable","17":"product-type-simple"},"_links":{"self":[{"href":"https:\/\/vetrina-digitale.it\/index.php\/wp-json\/wp\/v2\/product\/132","targetHints":{"allow":["GET"]}}],"collection":[{"href":"https:\/\/vetrina-digitale.it\/index.php\/wp-json\/wp\/v2\/product"}],"about":[{"href":"https:\/\/vetrina-digitale.it\/index.php\/wp-json\/wp\/v2\/types\/product"}],"replies":[{"embeddable":true,"href":"https:\/\/vetrina-digitale.it\/index.php\/wp-json\/wp\/v2\/comments?post=132"}],"wp:featuredmedia":[{"embeddable":true,"href":"https:\/\/vetrina-digitale.it\/index.php\/wp-json\/wp\/v2\/media\/1087"}],"wp:attachment":[{"href":"https:\/\/vetrina-digitale.it\/index.php\/wp-json\/wp\/v2\/media?parent=132"}],"wp:term":[{"taxonomy":"product_brand","embeddable":true,"href":"https:\/\/vetrina-digitale.it\/index.php\/wp-json\/wp\/v2\/product_brand?post=132"},{"taxonomy":"product_cat","embeddable":true,"href":"https:\/\/vetrina-digitale.it\/index.php\/wp-json\/wp\/v2\/product_cat?post=132"},{"taxonomy":"product_tag","embeddable":true,"href":"https:\/\/vetrina-digitale.it\/index.php\/wp-json\/wp\/v2\/product_tag?post=132"}],"curies":[{"name":"wp","href":"https:\/\/api.w.org\/{rel}","templated":true}]}}