{"id":253,"date":"2016-07-01T13:38:03","date_gmt":"2016-07-01T13:38:03","guid":{"rendered":"http:\/\/ninetheme.com\/themes\/proland\/?post_type=product&#038;p=253"},"modified":"2025-06-04T10:35:15","modified_gmt":"2025-06-04T10:35:15","slug":"telecomando","status":"publish","type":"product","link":"https:\/\/vetrina-digitale.it\/index.php\/product\/telecomando\/","title":{"rendered":"Tastierino\/Telecomando Aggiuntivo"},"content":{"rendered":"<p>Tastiera wireless 2.4 GHertz aggiuntiva per sistema eliminacoda Elicod4<\/p>\n<ul>\n<li>Plug and Play &#8211; Non \u00e8 necessario installare alcun driver. La tastiera pu\u00f2 essere collegata tramite il ricevitore USB in dotazione (nascosto nel vano batteria), che la rende molto facile da usare.<\/li>\n<li>Design scientifico e logico &#8211; Progettato con un angolo di inclinazione di 15\u00b0 per offrire un&#8217;esperienza d&#8217;uso pi\u00f9 confortevole e migliorare la salute del polso. I quattro angoli della base sono dotati di cuscinetti antiscivolo per evitare che la tastiera scivoli durante l&#8217;uso.<\/li>\n<li>Tastierino numerico a 18 tasti .<\/li>\n<li>Design ultrasottile e leggero &#8211; Dimensioni portatili: dimensioni della tastiera: 8,4\u00d712,5\u00d73 cm, mouse: 6\u00d710,5\u00d72 cm, super leggero e facile da trasportare ovunque.<\/li>\n<li>Batteria Mini Stilo AA non inclusa<\/li>\n<\/ul>\n<p>&nbsp;<\/p>\n","protected":false},"excerpt":{"rendered":"<p>Tastiera wireless 2.4 GHertz aggiuntiva per sistema eliminacoda Elicod4<\/p>\n","protected":false},"featured_media":982,"comment_status":"open","ping_status":"closed","template":"","meta":[],"product_brand":[],"product_cat":[15],"product_tag":[29,28],"class_list":{"0":"post-253","1":"product","2":"type-product","3":"status-publish","4":"has-post-thumbnail","6":"product_cat-accessori","7":"product_tag-tastiera-wireless","8":"product_tag-telecomando","10":"first","11":"instock","12":"taxable","13":"shipping-taxable","14":"purchasable","15":"product-type-simple"},"_links":{"self":[{"href":"https:\/\/vetrina-digitale.it\/index.php\/wp-json\/wp\/v2\/product\/253","targetHints":{"allow":["GET"]}}],"collection":[{"href":"https:\/\/vetrina-digitale.it\/index.php\/wp-json\/wp\/v2\/product"}],"about":[{"href":"https:\/\/vetrina-digitale.it\/index.php\/wp-json\/wp\/v2\/types\/product"}],"replies":[{"embeddable":true,"href":"https:\/\/vetrina-digitale.it\/index.php\/wp-json\/wp\/v2\/comments?post=253"}],"wp:featuredmedia":[{"embeddable":true,"href":"https:\/\/vetrina-digitale.it\/index.php\/wp-json\/wp\/v2\/media\/982"}],"wp:attachment":[{"href":"https:\/\/vetrina-digitale.it\/index.php\/wp-json\/wp\/v2\/media?parent=253"}],"wp:term":[{"taxonomy":"product_brand","embeddable":true,"href":"https:\/\/vetrina-digitale.it\/index.php\/wp-json\/wp\/v2\/product_brand?post=253"},{"taxonomy":"product_cat","embeddable":true,"href":"https:\/\/vetrina-digitale.it\/index.php\/wp-json\/wp\/v2\/product_cat?post=253"},{"taxonomy":"product_tag","embeddable":true,"href":"https:\/\/vetrina-digitale.it\/index.php\/wp-json\/wp\/v2\/product_tag?post=253"}],"curies":[{"name":"wp","href":"https:\/\/api.w.org\/{rel}","templated":true}]}}